{"id":5673,"date":"2025-11-07T11:44:26","date_gmt":"2025-11-07T10:44:26","guid":{"rendered":"https:\/\/www.comtesse-saveurs.lu\/?post_type=product&#038;p=5673"},"modified":"2025-11-07T11:44:26","modified_gmt":"2025-11-07T10:44:26","slug":"truffes-au-chocolat-noir","status":"publish","type":"product","link":"https:\/\/www.comtesse-saveurs.lu\/en\/product\/truffes-au-chocolat-noir\/","title":{"rendered":"Truffes au chocolat noir"},"content":{"rendered":"","protected":false},"excerpt":{"rendered":"<p>Fauchon vous propose de d\u00e9licieuses truffes au c\u0153ur fondant de chocolat noir 82% de cacao, enrob\u00e9es d&#8217;une fine couche d&#8217;un puissant cacao en poudre.<\/p>","protected":false},"featured_media":5674,"template":"","meta":[],"product_brand":[],"product_cat":[101,129],"product_tag":[],"class_list":{"0":"post-5673","1":"product","2":"type-product","3":"status-publish","4":"has-post-thumbnail","6":"product_cat-cadeauxdaffaires","7":"product_cat-noel","9":"first","10":"instock","11":"taxable","12":"shipping-taxable","13":"purchasable","14":"product-type-simple"},"amp_enabled":true,"_links":{"self":[{"href":"https:\/\/www.comtesse-saveurs.lu\/en\/wp-json\/wp\/v2\/product\/5673","targetHints":{"allow":["GET"]}}],"collection":[{"href":"https:\/\/www.comtesse-saveurs.lu\/en\/wp-json\/wp\/v2\/product"}],"about":[{"href":"https:\/\/www.comtesse-saveurs.lu\/en\/wp-json\/wp\/v2\/types\/product"}],"wp:featuredmedia":[{"embeddable":true,"href":"https:\/\/www.comtesse-saveurs.lu\/en\/wp-json\/wp\/v2\/media\/5674"}],"wp:attachment":[{"href":"https:\/\/www.comtesse-saveurs.lu\/en\/wp-json\/wp\/v2\/media?parent=5673"}],"wp:term":[{"taxonomy":"product_brand","embeddable":true,"href":"https:\/\/www.comtesse-saveurs.lu\/en\/wp-json\/wp\/v2\/product_brand?post=5673"},{"taxonomy":"product_cat","embeddable":true,"href":"https:\/\/www.comtesse-saveurs.lu\/en\/wp-json\/wp\/v2\/product_cat?post=5673"},{"taxonomy":"product_tag","embeddable":true,"href":"https:\/\/www.comtesse-saveurs.lu\/en\/wp-json\/wp\/v2\/product_tag?post=5673"}],"curies":[{"name":"wp","href":"https:\/\/api.w.org\/{rel}","templated":true}]}}