{"id":5671,"date":"2025-11-07T11:41:14","date_gmt":"2025-11-07T10:41:14","guid":{"rendered":"https:\/\/www.comtesse-saveurs.lu\/?post_type=product&#038;p=5671"},"modified":"2025-11-07T11:41:14","modified_gmt":"2025-11-07T10:41:14","slug":"la-reglette-de-carres-gourmands","status":"publish","type":"product","link":"https:\/\/www.comtesse-saveurs.lu\/en\/product\/la-reglette-de-carres-gourmands\/","title":{"rendered":"La r\u00e9glette de carr\u00e9s gourmands"},"content":{"rendered":"","protected":false},"excerpt":{"rendered":"<p>FAUCHON vous propose 4 vari\u00e9t\u00e9s de carr\u00e9s gourmands offrant une alliance entre le chocolat et les fruits pour un d\u00e9lice visuel et gourmand. Les raisins secs et amandes caram\u00e9lis\u00e9es s\u2019unissent pour donner une touche sucr\u00e9e au chocolat noir. La l\u00e9g\u00e8re acidit\u00e9 des groseilles se marie avec la saveur des f\u00e8ves de cacao caram\u00e9lis\u00e9es, et rehausse l\u2019intensit\u00e9 du chocolat noir. La rencontre des amandes caram\u00e9lis\u00e9es avec les copeaux de noix de coco mettent en valeur la gourmandise du chocolat au lait. Enfin, le croquant des p\u00e9pites de framboises et les pistaches apportent texture et saveur au carr\u00e9 de chocolat au lait.<\/p>","protected":false},"featured_media":5672,"template":"","meta":[],"product_brand":[],"product_cat":[101,129],"product_tag":[],"class_list":{"0":"post-5671","1":"product","2":"type-product","3":"status-publish","4":"has-post-thumbnail","6":"product_cat-cadeauxdaffaires","7":"product_cat-noel","9":"first","10":"instock","11":"taxable","12":"shipping-taxable","13":"purchasable","14":"product-type-simple"},"amp_enabled":true,"_links":{"self":[{"href":"https:\/\/www.comtesse-saveurs.lu\/en\/wp-json\/wp\/v2\/product\/5671","targetHints":{"allow":["GET"]}}],"collection":[{"href":"https:\/\/www.comtesse-saveurs.lu\/en\/wp-json\/wp\/v2\/product"}],"about":[{"href":"https:\/\/www.comtesse-saveurs.lu\/en\/wp-json\/wp\/v2\/types\/product"}],"wp:featuredmedia":[{"embeddable":true,"href":"https:\/\/www.comtesse-saveurs.lu\/en\/wp-json\/wp\/v2\/media\/5672"}],"wp:attachment":[{"href":"https:\/\/www.comtesse-saveurs.lu\/en\/wp-json\/wp\/v2\/media?parent=5671"}],"wp:term":[{"taxonomy":"product_brand","embeddable":true,"href":"https:\/\/www.comtesse-saveurs.lu\/en\/wp-json\/wp\/v2\/product_brand?post=5671"},{"taxonomy":"product_cat","embeddable":true,"href":"https:\/\/www.comtesse-saveurs.lu\/en\/wp-json\/wp\/v2\/product_cat?post=5671"},{"taxonomy":"product_tag","embeddable":true,"href":"https:\/\/www.comtesse-saveurs.lu\/en\/wp-json\/wp\/v2\/product_tag?post=5671"}],"curies":[{"name":"wp","href":"https:\/\/api.w.org\/{rel}","templated":true}]}}