{"id":5669,"date":"2025-11-07T11:39:37","date_gmt":"2025-11-07T10:39:37","guid":{"rendered":"https:\/\/www.comtesse-saveurs.lu\/?post_type=product&#038;p=5669"},"modified":"2025-11-07T11:39:38","modified_gmt":"2025-11-07T10:39:38","slug":"pause-salee","status":"publish","type":"product","link":"https:\/\/www.comtesse-saveurs.lu\/en\/product\/pause-salee\/","title":{"rendered":"Pause sal\u00e9e"},"content":{"rendered":"","protected":false},"excerpt":{"rendered":"<p>FAUCHON vous embarque pour un voyage gustatif d\u00e9di\u00e9 aux amateurs de saveurs sal\u00e9es.<\/p>\n<p>Ce coffret \u00e9l\u00e9gant propose une s\u00e9lection de produits fins et raffin\u00e9s, tels que des tartinables, des rillettes et d&#8217;autres sp\u00e9cialit\u00e9s d\u00e9licieuses.<\/p>","protected":false},"featured_media":5670,"template":"","meta":[],"product_brand":[],"product_cat":[101,129],"product_tag":[],"class_list":{"0":"post-5669","1":"product","2":"type-product","3":"status-publish","4":"has-post-thumbnail","6":"product_cat-cadeauxdaffaires","7":"product_cat-noel","9":"first","10":"instock","11":"taxable","12":"shipping-taxable","13":"purchasable","14":"product-type-simple"},"amp_enabled":true,"_links":{"self":[{"href":"https:\/\/www.comtesse-saveurs.lu\/en\/wp-json\/wp\/v2\/product\/5669","targetHints":{"allow":["GET"]}}],"collection":[{"href":"https:\/\/www.comtesse-saveurs.lu\/en\/wp-json\/wp\/v2\/product"}],"about":[{"href":"https:\/\/www.comtesse-saveurs.lu\/en\/wp-json\/wp\/v2\/types\/product"}],"wp:featuredmedia":[{"embeddable":true,"href":"https:\/\/www.comtesse-saveurs.lu\/en\/wp-json\/wp\/v2\/media\/5670"}],"wp:attachment":[{"href":"https:\/\/www.comtesse-saveurs.lu\/en\/wp-json\/wp\/v2\/media?parent=5669"}],"wp:term":[{"taxonomy":"product_brand","embeddable":true,"href":"https:\/\/www.comtesse-saveurs.lu\/en\/wp-json\/wp\/v2\/product_brand?post=5669"},{"taxonomy":"product_cat","embeddable":true,"href":"https:\/\/www.comtesse-saveurs.lu\/en\/wp-json\/wp\/v2\/product_cat?post=5669"},{"taxonomy":"product_tag","embeddable":true,"href":"https:\/\/www.comtesse-saveurs.lu\/en\/wp-json\/wp\/v2\/product_tag?post=5669"}],"curies":[{"name":"wp","href":"https:\/\/api.w.org\/{rel}","templated":true}]}}