{"id":5513,"date":"2025-04-12T01:18:20","date_gmt":"2025-04-11T23:18:20","guid":{"rendered":"https:\/\/www.comtesse-saveurs.lu\/?post_type=product&#038;p=5513"},"modified":"2025-05-07T16:48:59","modified_gmt":"2025-05-07T14:48:59","slug":"panier-ou-corbeille-personnalisee-sur-mesure-selon-vos-envies","status":"publish","type":"product","link":"https:\/\/www.comtesse-saveurs.lu\/en\/product\/panier-ou-corbeille-personnalisee-sur-mesure-selon-vos-envies\/","title":{"rendered":"Panier ou corbeille personnalis\u00e9e \u2013 Sur mesure selon vos envies"},"content":{"rendered":"","protected":false},"excerpt":{"rendered":"<p class=\"\" data-start=\"185\" data-end=\"436\">Composez votre panier pique-nique ou votre corbeille personnalis\u00e9e avec les articles de votre choix ! Que ce soit pour un cadeau, un \u00e9v\u00e9nement sp\u00e9cial ou simplement pour faire plaisir, nous cr\u00e9ons des compositions uniques, enti\u00e8rement sur mesure.<\/p>\n<p class=\"\" data-start=\"438\" data-end=\"550\">\ud83d\udce6 Disponible \u00e9galement sur commande en grande quantit\u00e9.<br data-start=\"494\" data-end=\"497\" \/>\ud83d\udccd Commande en boutique, par t\u00e9l\u00e9phone ou par e-mail.<\/p>\n<p class=\"\" data-start=\"552\" data-end=\"597\"><strong data-start=\"552\" data-end=\"597\">Contactez-nous pour plus d&#8217;informations !<\/strong><\/p>","protected":false},"featured_media":5514,"template":"","meta":[],"product_brand":[],"product_cat":[101,244],"product_tag":[],"class_list":{"0":"post-5513","1":"product","2":"type-product","3":"status-publish","4":"has-post-thumbnail","6":"product_cat-cadeauxdaffaires","7":"product_cat-paniers-pique-nique","9":"first","10":"instock","11":"taxable","12":"shipping-taxable","13":"product-type-simple"},"amp_enabled":true,"_links":{"self":[{"href":"https:\/\/www.comtesse-saveurs.lu\/en\/wp-json\/wp\/v2\/product\/5513","targetHints":{"allow":["GET"]}}],"collection":[{"href":"https:\/\/www.comtesse-saveurs.lu\/en\/wp-json\/wp\/v2\/product"}],"about":[{"href":"https:\/\/www.comtesse-saveurs.lu\/en\/wp-json\/wp\/v2\/types\/product"}],"wp:featuredmedia":[{"embeddable":true,"href":"https:\/\/www.comtesse-saveurs.lu\/en\/wp-json\/wp\/v2\/media\/5514"}],"wp:attachment":[{"href":"https:\/\/www.comtesse-saveurs.lu\/en\/wp-json\/wp\/v2\/media?parent=5513"}],"wp:term":[{"taxonomy":"product_brand","embeddable":true,"href":"https:\/\/www.comtesse-saveurs.lu\/en\/wp-json\/wp\/v2\/product_brand?post=5513"},{"taxonomy":"product_cat","embeddable":true,"href":"https:\/\/www.comtesse-saveurs.lu\/en\/wp-json\/wp\/v2\/product_cat?post=5513"},{"taxonomy":"product_tag","embeddable":true,"href":"https:\/\/www.comtesse-saveurs.lu\/en\/wp-json\/wp\/v2\/product_tag?post=5513"}],"curies":[{"name":"wp","href":"https:\/\/api.w.org\/{rel}","templated":true}]}}