{"id":5254,"date":"2025-11-07T17:31:41","date_gmt":"2025-11-07T16:31:41","guid":{"rendered":"https:\/\/www.comtesse-saveurs.lu\/?post_type=product&#038;p=5254"},"modified":"2025-11-07T17:31:41","modified_gmt":"2025-11-07T16:31:41","slug":"calvados-aoc-10-ans-apreval-42","status":"publish","type":"product","link":"https:\/\/www.comtesse-saveurs.lu\/en\/product\/calvados-aoc-10-ans-apreval-42\/","title":{"rendered":"Calvados AOC 10 ans Apreval 42%"},"content":{"rendered":"","protected":false},"excerpt":{"rendered":"<p>Le Manoir d&#8217;Apreval, domaine familial cidricole situ\u00e9 \u00e0 Pennedepie et comptant une vingtaine d&#8217;hectares, est sp\u00e9cialis\u00e9 dans la production \u00e0 base de pommes et de poires. Les tanins du bois vont donner aux diff\u00e9rents Calvados du Pays D&#8217;Auge leur couleur chaude, dor\u00e9e ou ambr\u00e9e selon le temps pass\u00e9 en F\u00fbt. Le travail du Ma\u00eetre de chais est \u00e9galement essentiel pour donner aux assemblages et mill\u00e9simes leur caract\u00e8re unique.<\/p>","protected":false},"featured_media":5257,"template":"","meta":[],"product_brand":[],"product_cat":[109,92],"product_tag":[],"class_list":{"0":"post-5254","1":"product","2":"type-product","3":"status-publish","4":"has-post-thumbnail","6":"product_cat-spiritueux","7":"product_cat-divers","9":"first","10":"instock","11":"taxable","12":"shipping-taxable","13":"purchasable","14":"product-type-variable"},"amp_enabled":true,"_links":{"self":[{"href":"https:\/\/www.comtesse-saveurs.lu\/en\/wp-json\/wp\/v2\/product\/5254","targetHints":{"allow":["GET"]}}],"collection":[{"href":"https:\/\/www.comtesse-saveurs.lu\/en\/wp-json\/wp\/v2\/product"}],"about":[{"href":"https:\/\/www.comtesse-saveurs.lu\/en\/wp-json\/wp\/v2\/types\/product"}],"wp:featuredmedia":[{"embeddable":true,"href":"https:\/\/www.comtesse-saveurs.lu\/en\/wp-json\/wp\/v2\/media\/5257"}],"wp:attachment":[{"href":"https:\/\/www.comtesse-saveurs.lu\/en\/wp-json\/wp\/v2\/media?parent=5254"}],"wp:term":[{"taxonomy":"product_brand","embeddable":true,"href":"https:\/\/www.comtesse-saveurs.lu\/en\/wp-json\/wp\/v2\/product_brand?post=5254"},{"taxonomy":"product_cat","embeddable":true,"href":"https:\/\/www.comtesse-saveurs.lu\/en\/wp-json\/wp\/v2\/product_cat?post=5254"},{"taxonomy":"product_tag","embeddable":true,"href":"https:\/\/www.comtesse-saveurs.lu\/en\/wp-json\/wp\/v2\/product_tag?post=5254"}],"curies":[{"name":"wp","href":"https:\/\/api.w.org\/{rel}","templated":true}]}}