{"id":4587,"date":"2023-11-23T18:13:20","date_gmt":"2023-11-23T17:13:20","guid":{"rendered":"https:\/\/www.comtesse-saveurs.lu\/?post_type=product&#038;p=4587"},"modified":"2023-11-26T14:37:55","modified_gmt":"2023-11-26T13:37:55","slug":"oliviers-and-co-olive-et-mandarin","status":"publish","type":"product","link":"https:\/\/www.comtesse-saveurs.lu\/en\/product\/oliviers-and-co-olive-et-mandarin\/","title":{"rendered":"Oliviers and Co &#8211; Olive et Mandarine"},"content":{"rendered":"","protected":false},"excerpt":{"rendered":"<p>Un pur jus de fruit \u00e9labor\u00e9 dans les Pouilles, au sud de l&#8217;Italie, Les mandarines fra\u00eeches sont ajout\u00e9es aux olives durant le pressage pour pr\u00e9server toutes les qualit\u00e9s aromatiques des fruits, Cette pr\u00e9paration d\u2019huile d\u2019olive \u00e0 la mandarine va sublimer vos plats les plus fins, Elle est surprenante et parfumera originalement vos crustac\u00e9s ou vos desserts.<\/p>\n<div class=\"accordion__trigger flex items-center relative w-full pr-4 cursor-pointer is--open pt-4 pb-2 justify-between direction--horizontal\" tabindex=\"0\" data-v-e694f702=\"\">\n<div class=\"caption--h1\" data-v-e694f702=\"\">INGREDIENTS : Olives 99% mandarine 1%<\/div>\n<\/div>","protected":false},"featured_media":4588,"template":"","meta":[],"product_brand":[],"product_cat":[94,100],"product_tag":[],"class_list":{"0":"post-4587","1":"product","2":"type-product","3":"status-publish","4":"has-post-thumbnail","6":"product_cat-epicerie-salee","7":"product_cat-epices","9":"first","10":"instock","11":"taxable","12":"shipping-taxable","13":"purchasable","14":"product-type-simple"},"amp_enabled":true,"_links":{"self":[{"href":"https:\/\/www.comtesse-saveurs.lu\/en\/wp-json\/wp\/v2\/product\/4587","targetHints":{"allow":["GET"]}}],"collection":[{"href":"https:\/\/www.comtesse-saveurs.lu\/en\/wp-json\/wp\/v2\/product"}],"about":[{"href":"https:\/\/www.comtesse-saveurs.lu\/en\/wp-json\/wp\/v2\/types\/product"}],"wp:featuredmedia":[{"embeddable":true,"href":"https:\/\/www.comtesse-saveurs.lu\/en\/wp-json\/wp\/v2\/media\/4588"}],"wp:attachment":[{"href":"https:\/\/www.comtesse-saveurs.lu\/en\/wp-json\/wp\/v2\/media?parent=4587"}],"wp:term":[{"taxonomy":"product_brand","embeddable":true,"href":"https:\/\/www.comtesse-saveurs.lu\/en\/wp-json\/wp\/v2\/product_brand?post=4587"},{"taxonomy":"product_cat","embeddable":true,"href":"https:\/\/www.comtesse-saveurs.lu\/en\/wp-json\/wp\/v2\/product_cat?post=4587"},{"taxonomy":"product_tag","embeddable":true,"href":"https:\/\/www.comtesse-saveurs.lu\/en\/wp-json\/wp\/v2\/product_tag?post=4587"}],"curies":[{"name":"wp","href":"https:\/\/api.w.org\/{rel}","templated":true}]}}