{"id":4453,"date":"2023-11-18T15:50:14","date_gmt":"2023-11-18T14:50:14","guid":{"rendered":"https:\/\/www.comtesse-saveurs.lu\/?post_type=product&#038;p=4453"},"modified":"2025-05-13T11:01:10","modified_gmt":"2025-05-13T09:01:10","slug":"lepicurien-cassis-grenade-fleur-dhibiscus","status":"publish","type":"product","link":"https:\/\/www.comtesse-saveurs.lu\/en\/product\/lepicurien-cassis-grenade-fleur-dhibiscus\/","title":{"rendered":"L&#8217;\u00e9picurien &#8211; Cassis Grenade Fleur d&#8217;Hibiscus"},"content":{"rendered":"","protected":false},"excerpt":{"rendered":"<p>Un go\u00fbt irr\u00e9sistible de bonbon acidul\u00e9, trop trop bon. Une confiture insolite pour des tartines qui swinguent et pour r\u00e9aliser des p\u00e2tisseries d&#8217;exception.<\/p>\n<p>En verrine avec une glace \u00e0 la fleur de lait ou au citron, dans une tarte, en sirop dans la composition d&#8217;une charlotte aux fraise, da<\/p>","protected":false},"featured_media":4454,"template":"","meta":[],"product_brand":[],"product_cat":[144],"product_tag":[],"class_list":{"0":"post-4453","1":"product","2":"type-product","3":"status-publish","4":"has-post-thumbnail","6":"product_cat-epicerie-sucre","8":"first","9":"instock","10":"taxable","11":"shipping-taxable","12":"purchasable","13":"product-type-simple"},"amp_enabled":true,"_links":{"self":[{"href":"https:\/\/www.comtesse-saveurs.lu\/en\/wp-json\/wp\/v2\/product\/4453","targetHints":{"allow":["GET"]}}],"collection":[{"href":"https:\/\/www.comtesse-saveurs.lu\/en\/wp-json\/wp\/v2\/product"}],"about":[{"href":"https:\/\/www.comtesse-saveurs.lu\/en\/wp-json\/wp\/v2\/types\/product"}],"wp:featuredmedia":[{"embeddable":true,"href":"https:\/\/www.comtesse-saveurs.lu\/en\/wp-json\/wp\/v2\/media\/4454"}],"wp:attachment":[{"href":"https:\/\/www.comtesse-saveurs.lu\/en\/wp-json\/wp\/v2\/media?parent=4453"}],"wp:term":[{"taxonomy":"product_brand","embeddable":true,"href":"https:\/\/www.comtesse-saveurs.lu\/en\/wp-json\/wp\/v2\/product_brand?post=4453"},{"taxonomy":"product_cat","embeddable":true,"href":"https:\/\/www.comtesse-saveurs.lu\/en\/wp-json\/wp\/v2\/product_cat?post=4453"},{"taxonomy":"product_tag","embeddable":true,"href":"https:\/\/www.comtesse-saveurs.lu\/en\/wp-json\/wp\/v2\/product_tag?post=4453"}],"curies":[{"name":"wp","href":"https:\/\/api.w.org\/{rel}","templated":true}]}}