{"id":4451,"date":"2023-11-18T15:47:01","date_gmt":"2023-11-18T14:47:01","guid":{"rendered":"https:\/\/www.comtesse-saveurs.lu\/?post_type=product&#038;p=4451"},"modified":"2023-11-19T11:54:30","modified_gmt":"2023-11-19T10:54:30","slug":"lepicurien-confiture-mure-sauvage","status":"publish","type":"product","link":"https:\/\/www.comtesse-saveurs.lu\/en\/product\/lepicurien-confiture-mure-sauvage\/","title":{"rendered":"L&#8217;\u00e9picurien &#8211; Confiture M\u00fbre Sauvage"},"content":{"rendered":"","protected":false},"excerpt":{"rendered":"<p>Au d\u00e9tour d\u2019une balade, des m\u00fbriers le long d\u2019un mur de pierres. On cueille leurs fruits, on les go\u00fbte. Leur chair est ferme. On les cuit en confiture. C\u2019est d\u00e9licieusement fruit\u00e9 et acidul\u00e9. On adore !<\/p>\n<p>Sur une faisselle, dans un souffl\u00e9 aux fruits, une tarte crumble, un g\u00e2teau mousseline, un gratin de fruits&#8230;<\/p>","protected":false},"featured_media":4452,"template":"","meta":[],"product_brand":[],"product_cat":[144],"product_tag":[],"class_list":{"0":"post-4451","1":"product","2":"type-product","3":"status-publish","4":"has-post-thumbnail","6":"product_cat-epicerie-sucre","8":"first","9":"instock","10":"taxable","11":"shipping-taxable","12":"purchasable","13":"product-type-simple"},"amp_enabled":true,"_links":{"self":[{"href":"https:\/\/www.comtesse-saveurs.lu\/en\/wp-json\/wp\/v2\/product\/4451","targetHints":{"allow":["GET"]}}],"collection":[{"href":"https:\/\/www.comtesse-saveurs.lu\/en\/wp-json\/wp\/v2\/product"}],"about":[{"href":"https:\/\/www.comtesse-saveurs.lu\/en\/wp-json\/wp\/v2\/types\/product"}],"wp:featuredmedia":[{"embeddable":true,"href":"https:\/\/www.comtesse-saveurs.lu\/en\/wp-json\/wp\/v2\/media\/4452"}],"wp:attachment":[{"href":"https:\/\/www.comtesse-saveurs.lu\/en\/wp-json\/wp\/v2\/media?parent=4451"}],"wp:term":[{"taxonomy":"product_brand","embeddable":true,"href":"https:\/\/www.comtesse-saveurs.lu\/en\/wp-json\/wp\/v2\/product_brand?post=4451"},{"taxonomy":"product_cat","embeddable":true,"href":"https:\/\/www.comtesse-saveurs.lu\/en\/wp-json\/wp\/v2\/product_cat?post=4451"},{"taxonomy":"product_tag","embeddable":true,"href":"https:\/\/www.comtesse-saveurs.lu\/en\/wp-json\/wp\/v2\/product_tag?post=4451"}],"curies":[{"name":"wp","href":"https:\/\/api.w.org\/{rel}","templated":true}]}}