{"id":4445,"date":"2023-11-18T15:41:53","date_gmt":"2023-11-18T14:41:53","guid":{"rendered":"https:\/\/www.comtesse-saveurs.lu\/?post_type=product&#038;p=4445"},"modified":"2025-05-13T11:01:00","modified_gmt":"2025-05-13T09:01:00","slug":"lepicurien-confiture-gingembre","status":"publish","type":"product","link":"https:\/\/www.comtesse-saveurs.lu\/en\/product\/lepicurien-confiture-gingembre\/","title":{"rendered":"L&#8217;\u00e9picurien &#8211; Confiture Gingembre"},"content":{"rendered":"","protected":false},"excerpt":{"rendered":"<p>Ames sensibles, s&#8217;abstenir. Vous avez besoin d&#8217;un coup de fouet ? Vous vous r\u00e9veillez maussade ce matin ? Vous sortez d&#8217;une crise existentielle ? Ou, plus heureux, vous vous appr\u00eatez \u00e0 retrouver votre \u00e2me s\u0153ur ? Notre confiture de Gingembre vous aidera \u00e0 passer toutes les \u00e9tapes importantes de votre vie. Relativement douce dans un premier temps, proche du gingembre confit, elle d\u00e9veloppe par la suite des ar\u00f4mes poivr\u00e9s prononc\u00e9s. A se damner.<\/p>\n<p>Dans la composition d&#8217;une glace au gingembre, d&#8217;une cr\u00e8me anglaise au gingembre, d&#8217;une ganache au gingembre, une sauce sucr\u00e9e-sal\u00e9e&#8230;<\/p>","protected":false},"featured_media":4446,"template":"","meta":[],"product_brand":[],"product_cat":[144],"product_tag":[],"class_list":{"0":"post-4445","1":"product","2":"type-product","3":"status-publish","4":"has-post-thumbnail","6":"product_cat-epicerie-sucre","8":"first","9":"instock","10":"taxable","11":"shipping-taxable","12":"purchasable","13":"product-type-simple"},"amp_enabled":true,"_links":{"self":[{"href":"https:\/\/www.comtesse-saveurs.lu\/en\/wp-json\/wp\/v2\/product\/4445","targetHints":{"allow":["GET"]}}],"collection":[{"href":"https:\/\/www.comtesse-saveurs.lu\/en\/wp-json\/wp\/v2\/product"}],"about":[{"href":"https:\/\/www.comtesse-saveurs.lu\/en\/wp-json\/wp\/v2\/types\/product"}],"wp:featuredmedia":[{"embeddable":true,"href":"https:\/\/www.comtesse-saveurs.lu\/en\/wp-json\/wp\/v2\/media\/4446"}],"wp:attachment":[{"href":"https:\/\/www.comtesse-saveurs.lu\/en\/wp-json\/wp\/v2\/media?parent=4445"}],"wp:term":[{"taxonomy":"product_brand","embeddable":true,"href":"https:\/\/www.comtesse-saveurs.lu\/en\/wp-json\/wp\/v2\/product_brand?post=4445"},{"taxonomy":"product_cat","embeddable":true,"href":"https:\/\/www.comtesse-saveurs.lu\/en\/wp-json\/wp\/v2\/product_cat?post=4445"},{"taxonomy":"product_tag","embeddable":true,"href":"https:\/\/www.comtesse-saveurs.lu\/en\/wp-json\/wp\/v2\/product_tag?post=4445"}],"curies":[{"name":"wp","href":"https:\/\/api.w.org\/{rel}","templated":true}]}}