{"id":4434,"date":"2023-11-18T15:12:16","date_gmt":"2023-11-18T14:12:16","guid":{"rendered":"https:\/\/www.comtesse-saveurs.lu\/?post_type=product&#038;p=4434"},"modified":"2023-11-19T11:56:04","modified_gmt":"2023-11-19T10:56:04","slug":"lepicurien-banane-flambe","status":"publish","type":"product","link":"https:\/\/www.comtesse-saveurs.lu\/en\/product\/lepicurien-banane-flambe\/","title":{"rendered":"L&#8217;\u00e9picurien &#8211;  La Banane Flamb\u00e9"},"content":{"rendered":"","protected":false},"excerpt":{"rendered":"<p>&#8220;Vous pr\u00e9parez votre kit de survie sur une \u00eele d\u00e9serte. Vous ne pouvez garder que 3 objets, qu&#8217;emportez-vous ?&#8221; Cette gourmandise fait partie des indispensables de L&#8217;\u00c9picurien. D\u00e9j\u00e0, parce que les confitures aux bananes ne sont pas communes, et aussi parce qu&#8217;avec cette touche de rhum, elle a ce petit go\u00fbt d\u00e9licieux qui plaira aux naufrag\u00e9s (comme aux amateurs de cr\u00eapes et de beignets de la vie de tous les jours, d&#8217;ailleurs).<\/p>\n<p>Sur des cr\u00eapes, dans des beignets fourr\u00e9s, des biscuits \u00e9pic\u00e9s, une cr\u00e8me dessert, sur un ananas r\u00f4ti caram\u00e9lis\u00e9&#8230;<\/p>","protected":false},"featured_media":4435,"template":"","meta":[],"product_brand":[],"product_cat":[144],"product_tag":[],"class_list":{"0":"post-4434","1":"product","2":"type-product","3":"status-publish","4":"has-post-thumbnail","6":"product_cat-epicerie-sucre","8":"first","9":"instock","10":"taxable","11":"shipping-taxable","12":"purchasable","13":"product-type-simple"},"amp_enabled":true,"_links":{"self":[{"href":"https:\/\/www.comtesse-saveurs.lu\/en\/wp-json\/wp\/v2\/product\/4434","targetHints":{"allow":["GET"]}}],"collection":[{"href":"https:\/\/www.comtesse-saveurs.lu\/en\/wp-json\/wp\/v2\/product"}],"about":[{"href":"https:\/\/www.comtesse-saveurs.lu\/en\/wp-json\/wp\/v2\/types\/product"}],"wp:featuredmedia":[{"embeddable":true,"href":"https:\/\/www.comtesse-saveurs.lu\/en\/wp-json\/wp\/v2\/media\/4435"}],"wp:attachment":[{"href":"https:\/\/www.comtesse-saveurs.lu\/en\/wp-json\/wp\/v2\/media?parent=4434"}],"wp:term":[{"taxonomy":"product_brand","embeddable":true,"href":"https:\/\/www.comtesse-saveurs.lu\/en\/wp-json\/wp\/v2\/product_brand?post=4434"},{"taxonomy":"product_cat","embeddable":true,"href":"https:\/\/www.comtesse-saveurs.lu\/en\/wp-json\/wp\/v2\/product_cat?post=4434"},{"taxonomy":"product_tag","embeddable":true,"href":"https:\/\/www.comtesse-saveurs.lu\/en\/wp-json\/wp\/v2\/product_tag?post=4434"}],"curies":[{"name":"wp","href":"https:\/\/api.w.org\/{rel}","templated":true}]}}