{"id":4428,"date":"2023-11-18T15:06:55","date_gmt":"2023-11-18T14:06:55","guid":{"rendered":"https:\/\/www.comtesse-saveurs.lu\/?post_type=product&#038;p=4428"},"modified":"2023-12-15T23:31:40","modified_gmt":"2023-12-15T22:31:40","slug":"lepicurien-goyave-rose","status":"publish","type":"product","link":"https:\/\/www.comtesse-saveurs.lu\/en\/product\/lepicurien-goyave-rose\/","title":{"rendered":"L&#8217;\u00e9picurien &#8211; Goyave Rose Artisanale"},"content":{"rendered":"","protected":false},"excerpt":{"rendered":"<p>La goyave, le symbole de l&#8217;Am\u00e9rique du Sud. Du Br\u00e9sil et ses cocktails de fruits. De ces oiseaux qui essaiment ses graines pour r\u00e9pandre le fruit comme une mauvaise herbe. Lisse et douce, cette confiture fait honneur \u00e0 ce fruit. Elle permet d&#8217;en appr\u00e9cier la quintessence.<\/p>\n<p>En nappage d&#8217;une panna cotta, dans une tarte aux fraises, avec du fromage pour r\u00e9aliser un Rom\u00e9o &amp; Juliette comme au Br\u00e9sil.<\/p>","protected":false},"featured_media":4429,"template":"","meta":[],"product_brand":[],"product_cat":[144],"product_tag":[],"class_list":{"0":"post-4428","1":"product","2":"type-product","3":"status-publish","4":"has-post-thumbnail","6":"product_cat-epicerie-sucre","8":"first","9":"instock","10":"taxable","11":"shipping-taxable","12":"purchasable","13":"product-type-simple"},"amp_enabled":true,"_links":{"self":[{"href":"https:\/\/www.comtesse-saveurs.lu\/en\/wp-json\/wp\/v2\/product\/4428","targetHints":{"allow":["GET"]}}],"collection":[{"href":"https:\/\/www.comtesse-saveurs.lu\/en\/wp-json\/wp\/v2\/product"}],"about":[{"href":"https:\/\/www.comtesse-saveurs.lu\/en\/wp-json\/wp\/v2\/types\/product"}],"wp:featuredmedia":[{"embeddable":true,"href":"https:\/\/www.comtesse-saveurs.lu\/en\/wp-json\/wp\/v2\/media\/4429"}],"wp:attachment":[{"href":"https:\/\/www.comtesse-saveurs.lu\/en\/wp-json\/wp\/v2\/media?parent=4428"}],"wp:term":[{"taxonomy":"product_brand","embeddable":true,"href":"https:\/\/www.comtesse-saveurs.lu\/en\/wp-json\/wp\/v2\/product_brand?post=4428"},{"taxonomy":"product_cat","embeddable":true,"href":"https:\/\/www.comtesse-saveurs.lu\/en\/wp-json\/wp\/v2\/product_cat?post=4428"},{"taxonomy":"product_tag","embeddable":true,"href":"https:\/\/www.comtesse-saveurs.lu\/en\/wp-json\/wp\/v2\/product_tag?post=4428"}],"curies":[{"name":"wp","href":"https:\/\/api.w.org\/{rel}","templated":true}]}}