{"id":4271,"date":"2023-11-16T14:49:50","date_gmt":"2023-11-16T13:49:50","guid":{"rendered":"https:\/\/www.comtesse-saveurs.lu\/?post_type=product&#038;p=4271"},"modified":"2024-03-14T12:14:17","modified_gmt":"2024-03-14T11:14:17","slug":"olbia-mandarine-de-menton","status":"publish","type":"product","link":"https:\/\/www.comtesse-saveurs.lu\/en\/product\/olbia-mandarine-de-menton\/","title":{"rendered":"Olbia &#8211; Mandarine de menton"},"content":{"rendered":"","protected":false},"excerpt":{"rendered":"<p>Confiture Extra de Mandarine de Menton<\/p>\n<p>Fruits choisis \u00e0 parfaite maturit\u00e9, cueillis et par\u00e9s \u00e0 la main<\/p>\n<p>Pr\u00e9par\u00e9 avec 65g de fruits pour 100g de produit fini Teneur totale moyenne en sucres 57g pour 100g<\/p>\n<p>Ingr\u00e9dients: mandarines, sucre de canne, pectine<\/p>","protected":false},"featured_media":4273,"template":"","meta":[],"product_brand":[],"product_cat":[144],"product_tag":[],"class_list":{"0":"post-4271","1":"product","2":"type-product","3":"status-publish","4":"has-post-thumbnail","6":"product_cat-epicerie-sucre","8":"first","9":"instock","10":"taxable","11":"shipping-taxable","12":"purchasable","13":"product-type-simple"},"amp_enabled":true,"_links":{"self":[{"href":"https:\/\/www.comtesse-saveurs.lu\/en\/wp-json\/wp\/v2\/product\/4271","targetHints":{"allow":["GET"]}}],"collection":[{"href":"https:\/\/www.comtesse-saveurs.lu\/en\/wp-json\/wp\/v2\/product"}],"about":[{"href":"https:\/\/www.comtesse-saveurs.lu\/en\/wp-json\/wp\/v2\/types\/product"}],"wp:featuredmedia":[{"embeddable":true,"href":"https:\/\/www.comtesse-saveurs.lu\/en\/wp-json\/wp\/v2\/media\/4273"}],"wp:attachment":[{"href":"https:\/\/www.comtesse-saveurs.lu\/en\/wp-json\/wp\/v2\/media?parent=4271"}],"wp:term":[{"taxonomy":"product_brand","embeddable":true,"href":"https:\/\/www.comtesse-saveurs.lu\/en\/wp-json\/wp\/v2\/product_brand?post=4271"},{"taxonomy":"product_cat","embeddable":true,"href":"https:\/\/www.comtesse-saveurs.lu\/en\/wp-json\/wp\/v2\/product_cat?post=4271"},{"taxonomy":"product_tag","embeddable":true,"href":"https:\/\/www.comtesse-saveurs.lu\/en\/wp-json\/wp\/v2\/product_tag?post=4271"}],"curies":[{"name":"wp","href":"https:\/\/api.w.org\/{rel}","templated":true}]}}