{"id":3943,"date":"2023-11-09T15:32:10","date_gmt":"2023-11-09T14:32:10","guid":{"rendered":"https:\/\/www.comtesse-saveurs.lu\/?post_type=product&#038;p=3943"},"modified":"2023-11-20T07:41:49","modified_gmt":"2023-11-20T06:41:49","slug":"sardines-grillees-au-tartare-de-tomate","status":"publish","type":"product","link":"https:\/\/www.comtesse-saveurs.lu\/en\/product\/sardines-grillees-au-tartare-de-tomate\/","title":{"rendered":"Sardines grill\u00e9es au tartare de tomate"},"content":{"rendered":"","protected":false},"excerpt":{"rendered":"<p>Nos\u00a0<strong>sardines<\/strong> grill\u00e9es sont pr\u00e9par\u00e9es avec rigueur, selon un mode de production minutieux. \u00c0 la d\u00e9gustation, ces <strong>sardines<\/strong>\u00a0r\u00e9v\u00e8lent le go\u00fbt subtil et authentique du grill\u00e9, le tout finement relev\u00e9 par le tartare de tomates.<\/p>","protected":false},"featured_media":3945,"template":"","meta":[],"product_brand":[],"product_cat":[120],"product_tag":[],"class_list":{"0":"post-3943","1":"product","2":"type-product","3":"status-publish","4":"has-post-thumbnail","6":"product_cat-sardinesetmaquereau","8":"first","9":"instock","10":"taxable","11":"shipping-taxable","12":"purchasable","13":"product-type-simple"},"amp_enabled":true,"_links":{"self":[{"href":"https:\/\/www.comtesse-saveurs.lu\/en\/wp-json\/wp\/v2\/product\/3943","targetHints":{"allow":["GET"]}}],"collection":[{"href":"https:\/\/www.comtesse-saveurs.lu\/en\/wp-json\/wp\/v2\/product"}],"about":[{"href":"https:\/\/www.comtesse-saveurs.lu\/en\/wp-json\/wp\/v2\/types\/product"}],"wp:featuredmedia":[{"embeddable":true,"href":"https:\/\/www.comtesse-saveurs.lu\/en\/wp-json\/wp\/v2\/media\/3945"}],"wp:attachment":[{"href":"https:\/\/www.comtesse-saveurs.lu\/en\/wp-json\/wp\/v2\/media?parent=3943"}],"wp:term":[{"taxonomy":"product_brand","embeddable":true,"href":"https:\/\/www.comtesse-saveurs.lu\/en\/wp-json\/wp\/v2\/product_brand?post=3943"},{"taxonomy":"product_cat","embeddable":true,"href":"https:\/\/www.comtesse-saveurs.lu\/en\/wp-json\/wp\/v2\/product_cat?post=3943"},{"taxonomy":"product_tag","embeddable":true,"href":"https:\/\/www.comtesse-saveurs.lu\/en\/wp-json\/wp\/v2\/product_tag?post=3943"}],"curies":[{"name":"wp","href":"https:\/\/api.w.org\/{rel}","templated":true}]}}