{"id":3939,"date":"2023-11-09T15:24:19","date_gmt":"2023-11-09T14:24:19","guid":{"rendered":"https:\/\/www.comtesse-saveurs.lu\/?post_type=product&#038;p=3939"},"modified":"2023-11-20T07:42:09","modified_gmt":"2023-11-20T06:42:09","slug":"filets-de-sardines-sans-huile-a-la-creole","status":"publish","type":"product","link":"https:\/\/www.comtesse-saveurs.lu\/en\/product\/filets-de-sardines-sans-huile-a-la-creole\/","title":{"rendered":"Filets de sardines sans huile \u00e0 la cr\u00e9ole"},"content":{"rendered":"","protected":false},"excerpt":{"rendered":"<p>Cette\u00a0<strong>conserve<\/strong>\u00a0de\u00a0<strong>sardines sans huile<\/strong>\u00a0r\u00e9ussit le mariage parfait du sucr\u00e9 et du sal\u00e9, dans une recette l\u00e9g\u00e8re et exotique.<\/p>","protected":false},"featured_media":3940,"template":"","meta":[],"product_brand":[],"product_cat":[120],"product_tag":[],"class_list":{"0":"post-3939","1":"product","2":"type-product","3":"status-publish","4":"has-post-thumbnail","6":"product_cat-sardinesetmaquereau","8":"first","9":"instock","10":"taxable","11":"shipping-taxable","12":"purchasable","13":"product-type-simple"},"amp_enabled":true,"_links":{"self":[{"href":"https:\/\/www.comtesse-saveurs.lu\/en\/wp-json\/wp\/v2\/product\/3939","targetHints":{"allow":["GET"]}}],"collection":[{"href":"https:\/\/www.comtesse-saveurs.lu\/en\/wp-json\/wp\/v2\/product"}],"about":[{"href":"https:\/\/www.comtesse-saveurs.lu\/en\/wp-json\/wp\/v2\/types\/product"}],"wp:featuredmedia":[{"embeddable":true,"href":"https:\/\/www.comtesse-saveurs.lu\/en\/wp-json\/wp\/v2\/media\/3940"}],"wp:attachment":[{"href":"https:\/\/www.comtesse-saveurs.lu\/en\/wp-json\/wp\/v2\/media?parent=3939"}],"wp:term":[{"taxonomy":"product_brand","embeddable":true,"href":"https:\/\/www.comtesse-saveurs.lu\/en\/wp-json\/wp\/v2\/product_brand?post=3939"},{"taxonomy":"product_cat","embeddable":true,"href":"https:\/\/www.comtesse-saveurs.lu\/en\/wp-json\/wp\/v2\/product_cat?post=3939"},{"taxonomy":"product_tag","embeddable":true,"href":"https:\/\/www.comtesse-saveurs.lu\/en\/wp-json\/wp\/v2\/product_tag?post=3939"}],"curies":[{"name":"wp","href":"https:\/\/api.w.org\/{rel}","templated":true}]}}