{"id":3921,"date":"2023-11-09T12:29:53","date_gmt":"2023-11-09T11:29:53","guid":{"rendered":"https:\/\/www.comtesse-saveurs.lu\/?post_type=product&#038;p=3921"},"modified":"2023-11-20T07:42:21","modified_gmt":"2023-11-20T06:42:21","slug":"sardines-millesimees-2021","status":"publish","type":"product","link":"https:\/\/www.comtesse-saveurs.lu\/en\/product\/sardines-millesimees-2021\/","title":{"rendered":"Sardines mill\u00e9sim\u00e9es 2021"},"content":{"rendered":"","protected":false},"excerpt":{"rendered":"<p>Amoureuse de sa belle r\u00e9gion vend\u00e9enne, Mademoiselle Perle profite de son retour \u00e0 Saint-Gilles pour se perdre au coeur des plages, dunes, marais et for\u00eats qui subliment la c\u00f4te Atlantique.<\/p>","protected":false},"featured_media":3924,"template":"","meta":[],"product_brand":[],"product_cat":[120],"product_tag":[],"class_list":{"0":"post-3921","1":"product","2":"type-product","3":"status-publish","4":"has-post-thumbnail","6":"product_cat-sardinesetmaquereau","8":"first","9":"instock","10":"taxable","11":"shipping-taxable","12":"purchasable","13":"product-type-simple"},"amp_enabled":true,"_links":{"self":[{"href":"https:\/\/www.comtesse-saveurs.lu\/en\/wp-json\/wp\/v2\/product\/3921","targetHints":{"allow":["GET"]}}],"collection":[{"href":"https:\/\/www.comtesse-saveurs.lu\/en\/wp-json\/wp\/v2\/product"}],"about":[{"href":"https:\/\/www.comtesse-saveurs.lu\/en\/wp-json\/wp\/v2\/types\/product"}],"wp:featuredmedia":[{"embeddable":true,"href":"https:\/\/www.comtesse-saveurs.lu\/en\/wp-json\/wp\/v2\/media\/3924"}],"wp:attachment":[{"href":"https:\/\/www.comtesse-saveurs.lu\/en\/wp-json\/wp\/v2\/media?parent=3921"}],"wp:term":[{"taxonomy":"product_brand","embeddable":true,"href":"https:\/\/www.comtesse-saveurs.lu\/en\/wp-json\/wp\/v2\/product_brand?post=3921"},{"taxonomy":"product_cat","embeddable":true,"href":"https:\/\/www.comtesse-saveurs.lu\/en\/wp-json\/wp\/v2\/product_cat?post=3921"},{"taxonomy":"product_tag","embeddable":true,"href":"https:\/\/www.comtesse-saveurs.lu\/en\/wp-json\/wp\/v2\/product_tag?post=3921"}],"curies":[{"name":"wp","href":"https:\/\/api.w.org\/{rel}","templated":true}]}}